{"id":1802,"date":"2019-09-09T11:22:41","date_gmt":"2019-09-09T09:22:41","guid":{"rendered":"https:\/\/cotraportbcn.indianwebs.es\/about-us\/"},"modified":"2026-04-24T09:17:34","modified_gmt":"2026-04-24T07:17:34","slug":"about-us","status":"publish","type":"page","link":"https:\/\/cotraportbcn.com\/en\/about-us\/","title":{"rendered":"About us"},"content":{"rendered":"<h2>Board members<\/h2>\n<ul>\n<li>\n<h3>Jorge Fernandez Navarrete<\/h3>\n<p>President<\/p>\n<\/li>\n<li>\n<h3>Juan Vicente Guerrero Quintana<\/h3>\n<p>Secretary<\/p>\n<\/li>\n<li>\n<h3>Juan Jose Hernandez Cruz<\/h3>\n<p>Treasurer<\/p>\n<\/li>\n<li>\n<h3>Marc Prat Mampel<\/h3>\n<p>Vocal<\/p>\n<\/li>\n<li>\n<h3>Antoni Roca Pe\u00f1ato<\/h3>\n<p>Vocal<\/p>\n<\/li>\n<li>\n<h3>Marc Rius Mar\u00edn<\/h3>\n<p>Vocal<\/p>\n<\/li>\n<li>\n<h3>Juan Jes\u00fas Carrasco Verd\u00fa<\/h3>\n<p>Vocal<\/p>\n<\/li>\n<li>\n<h3>Devis Daniel Giolfan<\/h3>\n<p>Vocal<\/p>\n<\/li>\n<\/ul>\n<h2>Our values<\/h2>\n<div>\n<p>Equality, Equity, Solidarity and Transparency.<\/p>\n<\/div>\n<ul>\n<li>\n<h3>Equality<\/h3>\n<div>\n<p>An essential condition for development and daily coexistence due to the coincidence between the approaches to the values and principles of cooperativism and the fulfillment of human rights in an equal manner and without any preference.<\/p>\n<\/div>\n<\/li>\n<li>\n<h3>Equity<\/h3>\n<div>\n<p>The way in which members are treated within the cooperative and the way to reward them for their participation in the cooperative. Give each individual what they deserve based on their availability and qualities.<\/p>\n<\/div>\n<\/li>\n<li>\n<h3>Solidarity<\/h3>\n<div>\n<p>The responsibility to ensure the collective interest of its members.<\/p>\n<\/div>\n<\/li>\n<li>\n<h3>Transparency<\/h3>\n<div>\n<p>It allows partners to make informed decisions and participate in management. It helps to build trust between partners and improve the image abroad.<\/p>\n<\/div>\n<\/li>\n<\/ul>\n<h2>Cooperative principles<\/h2>\n<div>\n<p>These values are put into practice through cooperative principles.<\/p>\n<\/div>\n<ul>\n<li>\n<h3>Voluntary and open membership<\/h3>\n<div>\n<p>Open to all people able to use the services and willing to accept the responsibilities of being members, without any type of discrimination.<\/p>\n<\/div>\n<\/li>\n<li>\n<h3>Democratic management by partners<\/h3>\n<div>\n<p>Democratically managed by the partners, who have equal rights and duties and actively participate in the definition of policies and decision-making. Board members, elected to represent and manage the cooperative, are accountable to members.<\/p>\n<\/div>\n<\/li>\n<li>\n<h3>Economic participation of partners<\/h3>\n<div>\n<p>The members contribute equitably to the capital of the cooperative and manage it democratically. To be a member of the cooperative it is necessary to make a capital contribution. A part of the surplus obtained must be used for the development of the cooperative itself, to ensure its long-term viability. Another part will be used for the training of members. Finally, a part of the surpluses obtained can be used to compensate the participation of the members in the cooperative activity.<\/p>\n<\/div>\n<\/li>\n<li>\n<h3>Education, training and information<\/h3>\n<div>\n<p>We allocate a part of its surplus to training cooperative members, to ensure that all of them have a good understanding of the complexity and richness of cooperatives and have the necessary skills to carry out their responsibilities effectively. We feel responsible for informing and disseminating cooperativism.<\/p>\n<\/div>\n<\/li>\n<\/ul>\n<h2>Team<\/h2>\n<ul>\n<li>\n<p><img decoding=\"async\" src=\"\/wp-content\/uploads\/2023\/05\/Juan-Pozo-Aguilera.jpeg\" alt=\"\"><\/p>\n<h3>Juan Pozo Aguilera<\/h3>\n<p>Direction<\/p>\n<\/li>\n<li>\n<p><img decoding=\"async\" src=\"\/wp-content\/uploads\/2023\/05\/Marina-Rumeu.jpeg\" alt=\"\"><\/p>\n<h3>Marina Rumeu<\/h3>\n<p>Partner attention<\/p>\n<\/li>\n<li>\n<p><img decoding=\"async\" src=\"\/wp-content\/uploads\/2026\/04\/FotoNaima2-1-scaled.jpg\" alt=\"\"><\/p>\n<h3>Naima Nadif<\/h3>\n<p>Partner attention<\/p>\n<\/li>\n<li>\n<p><img decoding=\"async\" src=\"\/wp-content\/uploads\/2024\/11\/20241128_091822-scaled.jpg\" alt=\"\"><\/p>\n<h3>Silvia Vi\u00f1als<\/h3>\n<p>Traffic<\/p>\n<\/li>\n<li>\n<p><img decoding=\"async\" src=\"\/wp-content\/uploads\/2025\/03\/jonathan-scaled.jpg\" alt=\"\"><\/p>\n<h3>Jonathan Fern\u00e1ndez<\/h3>\n<p>Traffic<\/p>\n<\/li>\n<li>\n<p><img decoding=\"async\" src=\"\/wp-content\/uploads\/2023\/06\/Esther-Lucenilla-scaled.jpg\" alt=\"\"><\/p>\n<h3>Esther Lucenilla<\/h3>\n<p>Traffic and Billing<\/p>\n<\/li>\n<li>\n<p><img decoding=\"async\" src=\"\/wp-content\/uploads\/2023\/05\/Selena-Carpio.jpeg\" alt=\"\"><\/p>\n<h3>Selena Carpio<\/h3>\n<p>Billing and Administration<\/p>\n<\/li>\n<li>\n<p><img decoding=\"async\" src=\"\/wp-content\/uploads\/2025\/10\/Foto-scaled.jpg\" alt=\"\"><\/p>\n<h3>Victor Jurado<\/h3>\n<p>Administration<\/p>\n<\/li>\n<li>\n<p><img decoding=\"async\" src=\"\/wp-content\/uploads\/2026\/04\/FotoMaricarmen-scaled.jpg\" alt=\"\"><\/p>\n<h3>Mari Carmen Carpio<\/h3>\n<p>Traffic<\/p>\n<\/li>\n<\/ul>\n<p><!--more--><br \/>\n<!-- {\"type\":\"layout\",\"children\":[{\"type\":\"section\",\"props\":{\"image_position\":\"center-center\",\"image_size\":\"cover\",\"media_overlay\":\"rgba(0, 0, 0, 0.25)\",\"padding\":\"large\",\"style\":\"secondary\",\"title_breakpoint\":\"xl\",\"title_position\":\"top-left\",\"title_rotation\":\"left\",\"vertical_align\":\"middle\",\"video\":\"wp-content\\\/uploads\\\/2023\\\/12\\\/CLIP-01reducido.mp4\",\"width\":\"default\"},\"children\":[{\"type\":\"row\",\"children\":[{\"type\":\"column\",\"props\":{\"image_position\":\"center-center\",\"position_sticky_breakpoint\":\"m\"},\"children\":[{\"type\":\"headline\",\"props\":{\"text_align\":\"center\",\"title_element\":\"h1\",\"title_style\":\"heading-medium\"},\"source\":{\"query\":{\"name\":\"pages.singlePage\"},\"props\":{\"content\":{\"filters\":{\"search\":\"\"},\"name\":\"title\"}}}}]}]}]},{\"type\":\"section\",\"props\":{\"image_position\":\"center-center\",\"style\":\"muted\",\"title_breakpoint\":\"xl\",\"title_position\":\"top-left\",\"title_rotation\":\"left\",\"vertical_align\":\"middle\",\"width\":\"large\"},\"children\":[{\"type\":\"row\",\"children\":[{\"type\":\"column\",\"props\":{\"image_position\":\"center-center\",\"position_sticky_breakpoint\":\"m\"},\"children\":[{\"type\":\"headline\",\"props\":{\"content\":\"Board members\",\"text_align\":\"center\",\"title_element\":\"h2\"}},{\"name\":\"Grid Filter\",\"type\":\"grid\",\"children\":[{\"type\":\"grid_item\",\"props\":{\"content\":\"\",\"image\":\"\",\"meta\":\"President\",\"title\":\"Jorge Fernandez Navarrete\"}},{\"type\":\"grid_item\",\"props\":{\"content\":\"\",\"image\":\"\",\"meta\":\"Secretary\",\"title\":\"Juan Vicente Guerrero Quintana\"}},{\"type\":\"grid_item\",\"props\":{\"content\":\"\",\"image\":\"\",\"meta\":\"Treasurer\",\"title\":\"Juan Jose Hernandez Cruz\"}},{\"type\":\"grid_item\",\"props\":{\"content\":\"\",\"image\":\"\",\"meta\":\"Vocal\",\"title\":\"Marc Prat Mampel\"}},{\"type\":\"grid_item\",\"props\":{\"content\":\"\",\"image\":\"\",\"meta\":\"Vocal\",\"title\":\"Antoni Roca Pe\\u00f1ato\"}},{\"type\":\"grid_item\",\"props\":{\"content\":\"\",\"image\":\"\",\"meta\":\"Vocal\",\"title\":\"Marc Rius Mar\\u00edn\"}},{\"type\":\"grid_item\",\"props\":{\"content\":\"\",\"image\":\"\",\"meta\":\"Vocal\",\"title\":\"Juan Jes\\u00fas Carrasco Verd\\u00fa\"}},{\"type\":\"grid_item\",\"props\":{\"content\":\"\",\"image\":\"\",\"meta\":\"Vocal\",\"title\":\"Devis Daniel Giolfan\"}}],\"props\":{\"attributes\":\"uk-scrollspy= cls: uk-animation-scale-down; delay: 300; target: .uk-tile-default;\",\"content_column_breakpoint\":\"m\",\"content_margin\":\"remove\",\"filter\":true,\"filter_align\":\"center\",\"filter_all\":true,\"filter_grid_breakpoint\":\"m\",\"filter_grid_width\":\"auto\",\"filter_margin\":\"medium\",\"filter_position\":\"top\",\"filter_style\":\"subnav\",\"grid_column_gap\":\"small\",\"grid_default\":\"1\",\"grid_medium\":\"5\",\"grid_row_gap\":\"small\",\"grid_small\":\"3\",\"icon_width\":80,\"image_align\":\"top\",\"image_grid_breakpoint\":\"m\",\"image_grid_width\":\"1-2\",\"image_link\":true,\"image_svg_color\":\"emphasis\",\"image_width\":\"610\",\"item_animation\":true,\"lightbox\":false,\"link_style\":\"default\",\"link_text\":\"\",\"margin\":\"default\",\"meta_align\":\"below-title\",\"meta_element\":\"div\",\"meta_margin\":\"remove\",\"meta_style\":\"text-meta\",\"panel_image_no_padding\":true,\"panel_padding\":\"small\",\"panel_style\":\"tile-primary\",\"parallax_easing\":\"1\",\"show_content\":true,\"show_image\":true,\"show_link\":true,\"show_meta\":true,\"show_title\":true,\"text_align\":\"center\",\"title_align\":\"top\",\"title_element\":\"h3\",\"title_grid_breakpoint\":\"m\",\"title_grid_width\":\"1-2\",\"title_hover_style\":\"reset\",\"title_link\":true,\"title_style\":\"h5\"}}]}]}]},{\"type\":\"section\",\"props\":{\"image_position\":\"center-center\",\"style\":\"default\",\"title_breakpoint\":\"xl\",\"title_position\":\"top-left\",\"title_rotation\":\"left\",\"vertical_align\":\"middle\",\"width\":\"large\"},\"children\":[{\"type\":\"row\",\"children\":[{\"type\":\"column\",\"props\":{\"image_position\":\"center-center\",\"position_sticky_breakpoint\":\"m\"},\"children\":[{\"type\":\"headline\",\"props\":{\"content\":\"Our values\",\"text_align\":\"center\",\"title_element\":\"h2\"}},{\"type\":\"text\",\"props\":{\"column_breakpoint\":\"m\",\"content\":\"\n\n<p>Equality, Equity, Solidarity and Transparency.<\\\/p>\",\"margin\":\"default\",\"text_align\":\"center\"}},{\"type\":\"grid\",\"props\":{\"attributes\":\"uk-scrollspy= cls: uk-animation-scale-down; delay: 300; target: .uk-tile-primary;\",\"content_column_breakpoint\":\"m\",\"filter_align\":\"left\",\"filter_all\":true,\"filter_grid_breakpoint\":\"m\",\"filter_grid_width\":\"auto\",\"filter_position\":\"top\",\"filter_style\":\"tab\",\"grid_column_gap\":\"small\",\"grid_default\":\"1\",\"grid_medium\":\"4\",\"grid_row_gap\":\"small\",\"grid_small\":\"2\",\"icon_width\":80,\"image_align\":\"top\",\"image_grid_breakpoint\":\"m\",\"image_grid_width\":\"1-2\",\"image_svg_color\":\"emphasis\",\"item_animation\":true,\"link_style\":\"default\",\"link_text\":\"Read more\",\"margin\":\"default\",\"meta_align\":\"below-title\",\"meta_element\":\"div\",\"meta_style\":\"text-meta\",\"panel_padding\":\"small\",\"panel_style\":\"tile-primary\",\"show_content\":true,\"show_image\":true,\"show_link\":true,\"show_meta\":true,\"show_title\":true,\"text_align\":\"center\",\"title_align\":\"top\",\"title_element\":\"h3\",\"title_grid_breakpoint\":\"m\",\"title_grid_width\":\"1-2\",\"title_hover_style\":\"reset\"},\"children\":[{\"type\":\"grid_item\",\"props\":{\"content\":\"\n\n<p>An essential condition for development and daily coexistence due to the coincidence between the approaches to the values and principles of cooperativism and the fulfillment of human rights in an equal manner and without any preference.<\\\/p>\",\"title\":\"Equality\"}},{\"type\":\"grid_item\",\"props\":{\"content\":\"\n\n<p>The way in which members are treated within the cooperative and the way to reward them for their participation in the cooperative. Give each individual what they deserve based on their availability and qualities.<\\\/p>\",\"title\":\"Equity\"}},{\"type\":\"grid_item\",\"props\":{\"content\":\"\n\n<p>The responsibility to ensure the collective interest of its members.<\\\/p>\",\"title\":\"Solidarity\"}},{\"type\":\"grid_item\",\"props\":{\"content\":\"\n\n<p>It allows partners to make informed decisions and participate in management. It helps to build trust between partners and improve the image abroad.<\\\/p>\",\"title\":\"Transparency\"}}]}]}]},{\"type\":\"row\",\"children\":[{\"type\":\"column\",\"props\":{\"image_position\":\"center-center\",\"position_sticky_breakpoint\":\"m\"},\"children\":[{\"type\":\"headline\",\"props\":{\"content\":\"Cooperative principles\",\"text_align\":\"center\",\"title_element\":\"h2\"}},{\"type\":\"text\",\"props\":{\"column_breakpoint\":\"m\",\"content\":\"\n\n<p>These values are put into practice through cooperative principles.<\\\/p>\",\"margin\":\"default\",\"text_align\":\"center\"}},{\"type\":\"grid\",\"props\":{\"content_align\":true,\"content_column_breakpoint\":\"m\",\"filter_align\":\"left\",\"filter_all\":true,\"filter_grid_breakpoint\":\"m\",\"filter_grid_width\":\"auto\",\"filter_position\":\"top\",\"filter_style\":\"tab\",\"grid_column_gap\":\"small\",\"grid_default\":\"1\",\"grid_divider\":false,\"grid_medium\":\"2\",\"grid_row_gap\":\"small\",\"grid_small\":\"1\",\"icon_width\":80,\"image_align\":\"top\",\"image_grid_breakpoint\":\"m\",\"image_grid_width\":\"1-2\",\"image_svg_color\":\"emphasis\",\"item_animation\":true,\"link_style\":\"default\",\"link_text\":\"Read more\",\"margin\":\"default\",\"meta_align\":\"below-title\",\"meta_element\":\"div\",\"meta_style\":\"text-meta\",\"panel_padding\":\"small\",\"panel_style\":\"tile-primary\",\"show_content\":true,\"show_image\":true,\"show_link\":true,\"show_meta\":true,\"show_title\":true,\"text_align\":\"center\",\"title_align\":\"top\",\"title_element\":\"h3\",\"title_grid_breakpoint\":\"m\",\"title_grid_width\":\"1-2\",\"title_hover_style\":\"reset\"},\"children\":[{\"type\":\"grid_item\",\"props\":{\"content\":\"\n\n<p>Open to all people able to use the services and willing to accept the responsibilities of being members, without any type of discrimination.<\\\/p>\",\"title\":\"Voluntary and open membership\"}},{\"type\":\"grid_item\",\"props\":{\"content\":\"\n\n<p>Democratically managed by the partners, who have equal rights and duties and actively participate in the definition of policies and decision-making. Board members, elected to represent and manage the cooperative, are accountable to members.<\\\/p>\",\"title\":\"Democratic management by partners\"}},{\"type\":\"grid_item\",\"props\":{\"content\":\"\n\n<p>The members contribute equitably to the capital of the cooperative and manage it democratically. To be a member of the cooperative it is necessary to make a capital contribution. A part of the surplus obtained must be used for the development of the cooperative itself, to ensure its long-term viability. Another part will be used for the training of members. Finally, a part of the surpluses obtained can be used to compensate the participation of the members in the cooperative activity.<\\\/p>\",\"title\":\"Economic participation of partners\"}},{\"type\":\"grid_item\",\"props\":{\"content\":\"\n\n<p>We allocate a part of its surplus to training cooperative members, to ensure that all of them have a good understanding of the complexity and richness of cooperatives and have the necessary skills to carry out their responsibilities effectively. We feel responsible for informing and disseminating cooperativism.<\\\/p>\",\"title\":\"Education, training and information\"}}]}]}]}],\"name\":\"XP_valores...\"},{\"type\":\"section\",\"props\":{\"image_position\":\"center-center\",\"style\":\"muted\",\"title_breakpoint\":\"xl\",\"title_position\":\"top-left\",\"title_rotation\":\"left\",\"vertical_align\":\"middle\",\"width\":\"large\"},\"children\":[{\"type\":\"row\",\"children\":[{\"type\":\"column\",\"props\":{\"image_position\":\"center-center\",\"position_sticky_breakpoint\":\"m\"},\"children\":[{\"type\":\"headline\",\"props\":{\"content\":\"Team\",\"text_align\":\"center\",\"title_element\":\"h2\"}},{\"name\":\"Grid Filter\",\"type\":\"grid\",\"children\":[{\"type\":\"grid_item\",\"props\":{\"image\":\"wp-content\\\/uploads\\\/2023\\\/05\\\/Juan-Pozo-Aguilera.jpeg\",\"meta\":\"Direction\",\"title\":\"Juan Pozo Aguilera\"}},{\"type\":\"grid_item\",\"props\":{\"image\":\"wp-content\\\/uploads\\\/2023\\\/05\\\/Marina-Rumeu.jpeg\",\"meta\":\"Partner attention\",\"title\":\"Marina Rumeu\"}},{\"type\":\"grid_item\",\"props\":{\"image\":\"wp-content\\\/uploads\\\/2026\\\/04\\\/FotoNaima2-1-scaled.jpg\",\"meta\":\"Partner attention\",\"title\":\"Naima Nadif\"}},{\"type\":\"grid_item\",\"props\":{\"image\":\"wp-content\\\/uploads\\\/2024\\\/11\\\/20241128_091822-scaled.jpg\",\"meta\":\"Traffic\",\"title\":\"Silvia Vi\\u00f1als\"}},{\"type\":\"grid_item\",\"props\":{\"image\":\"wp-content\\\/uploads\\\/2025\\\/03\\\/jonathan-scaled.jpg\",\"meta\":\"Traffic\",\"title\":\"Jonathan Fern\\u00e1ndez\"}},{\"type\":\"grid_item\",\"props\":{\"image\":\"wp-content\\\/uploads\\\/2023\\\/06\\\/Esther-Lucenilla-scaled.jpg\",\"meta\":\"Traffic and Billing\",\"title\":\"Esther Lucenilla\"}},{\"type\":\"grid_item\",\"props\":{\"image\":\"wp-content\\\/uploads\\\/2023\\\/05\\\/Selena-Carpio.jpeg\",\"meta\":\"Billing and Administration\",\"title\":\"Selena Carpio\"}},{\"type\":\"grid_item\",\"props\":{\"image\":\"wp-content\\\/uploads\\\/2025\\\/10\\\/Foto-scaled.jpg\",\"meta\":\"Administration\",\"title\":\"Victor Jurado\"}},{\"type\":\"grid_item\",\"props\":{\"image\":\"wp-content\\\/uploads\\\/2026\\\/04\\\/FotoMaricarmen-scaled.jpg\",\"meta\":\"Traffic\",\"title\":\"Mari Carmen Carpio\"}}],\"props\":{\"attributes\":\"uk-scrollspy= cls: uk-animation-scale-down; delay: 300; target: .uk-tile-default;\",\"content_column_breakpoint\":\"m\",\"content_margin\":\"remove\",\"filter\":true,\"filter_align\":\"center\",\"filter_all\":true,\"filter_grid_breakpoint\":\"m\",\"filter_grid_width\":\"auto\",\"filter_margin\":\"medium\",\"filter_position\":\"top\",\"filter_style\":\"subnav\",\"grid_column_gap\":\"small\",\"grid_default\":\"1\",\"grid_medium\":\"4\",\"grid_row_gap\":\"small\",\"grid_small\":\"2\",\"icon_width\":80,\"image_align\":\"top\",\"image_grid_breakpoint\":\"m\",\"image_grid_width\":\"1-2\",\"image_link\":true,\"image_svg_color\":\"emphasis\",\"image_width\":\"610\",\"item_animation\":true,\"lightbox\":false,\"link_style\":\"default\",\"link_text\":\"\",\"margin\":\"default\",\"meta_align\":\"below-title\",\"meta_element\":\"div\",\"meta_margin\":\"remove\",\"meta_style\":\"text-meta\",\"panel_image_no_padding\":true,\"panel_padding\":\"small\",\"panel_style\":\"tile-primary\",\"parallax_easing\":\"1\",\"show_content\":true,\"show_image\":true,\"show_link\":true,\"show_meta\":true,\"show_title\":true,\"text_align\":\"center\",\"title_align\":\"top\",\"title_element\":\"h3\",\"title_grid_breakpoint\":\"m\",\"title_grid_width\":\"1-2\",\"title_hover_style\":\"reset\",\"title_link\":true,\"title_style\":\"h5\"}}]}]}]}],\"version\":\"4.3.6\"} --><\/p>\n","protected":false},"excerpt":{"rendered":"<p>Board members Jorge Fernandez Navarrete President Juan Vicente Guerrero Quintana Secretary Juan Jose Hernandez Cruz Treasurer Marc Prat Mampel Vocal Antoni Roca Pe\u00f1ato Vocal Marc Rius Mar\u00edn Vocal Juan Jes\u00fas Carrasco Verd\u00fa Vocal Devis Daniel Giolfan Vocal Our values Equality, Equity, Solidarity and Transparency. Equality An essential condition for development and daily coexistence due to [&hellip;]<\/p>\n","protected":false},"author":1,"featured_media":0,"parent":0,"menu_order":2,"comment_status":"closed","ping_status":"closed","template":"","meta":{"_acf_changed":false,"footnotes":""},"class_list":["post-1802","page","type-page","status-publish","hentry"],"acf":[],"_links":{"self":[{"href":"https:\/\/cotraportbcn.com\/en\/wp-json\/wp\/v2\/pages\/1802","targetHints":{"allow":["GET"]}}],"collection":[{"href":"https:\/\/cotraportbcn.com\/en\/wp-json\/wp\/v2\/pages"}],"about":[{"href":"https:\/\/cotraportbcn.com\/en\/wp-json\/wp\/v2\/types\/page"}],"author":[{"embeddable":true,"href":"https:\/\/cotraportbcn.com\/en\/wp-json\/wp\/v2\/users\/1"}],"replies":[{"embeddable":true,"href":"https:\/\/cotraportbcn.com\/en\/wp-json\/wp\/v2\/comments?post=1802"}],"version-history":[{"count":9,"href":"https:\/\/cotraportbcn.com\/en\/wp-json\/wp\/v2\/pages\/1802\/revisions"}],"predecessor-version":[{"id":2260,"href":"https:\/\/cotraportbcn.com\/en\/wp-json\/wp\/v2\/pages\/1802\/revisions\/2260"}],"wp:attachment":[{"href":"https:\/\/cotraportbcn.com\/en\/wp-json\/wp\/v2\/media?parent=1802"}],"curies":[{"name":"wp","href":"https:\/\/api.w.org\/{rel}","templated":true}]}}