{"id":1801,"date":"2019-09-09T11:22:41","date_gmt":"2019-09-09T09:22:41","guid":{"rendered":"https:\/\/cotraportbcn.indianwebs.es\/nosaltres\/"},"modified":"2025-12-03T10:22:01","modified_gmt":"2025-12-03T09:22:01","slug":"nosaltres","status":"publish","type":"page","link":"https:\/\/cotraportbcn.com\/ca\/nosaltres\/","title":{"rendered":"Nosaltres"},"content":{"rendered":"<h2>Membres de la junta<\/h2>\n<ul>\n<li>\n<h3>Jorge Fernandez Navarrete<\/h3>\n<p>President<\/p>\n<\/li>\n<li>\n<h3>Juan Vicente Guerrero Quintana<\/h3>\n<p>Secretari<\/p>\n<\/li>\n<li>\n<h3>Juan Jose Hernandez Cruz<\/h3>\n<p>Tesorer<\/p>\n<\/li>\n<li>\n<h3>Marc Prat Mampel<\/h3>\n<p>Vocal<\/p>\n<\/li>\n<li>\n<h3>Pablo Mendez Dorta<\/h3>\n<p>Vocal<\/p>\n<\/li>\n<li>\n<h3>Antoni Roca Pe\u00f1ato<\/h3>\n<p>Vocal<\/p>\n<\/li>\n<li>\n<h3>Marc Rius Mar\u00edn<\/h3>\n<p>Vocal<\/p>\n<\/li>\n<li>\n<h3>Juan Jes\u00fas Carrasco Verd\u00fa<\/h3>\n<p>Vocal<\/p>\n<\/li>\n<li>\n<h3>Devis Daniel Giolfan<\/h3>\n<p>Vocal<\/p>\n<\/li>\n<\/ul>\n<h2>Els nostres valors<\/h2>\n<div>\n<p>Igualtat, Equitat, Solidaritat i Transpar\u00e8ncia.<\/p>\n<\/div>\n<ul>\n<li>\n<h3>Igualtat<\/h3>\n<div>\n<p>Condici\u00f3 imprescindible per al desenvolupament i la conviv\u00e8ncia quotidiana per la coincid\u00e8ncia entre els plantejaments dels valors i principis del cooperativisme i el compliment dels drets humans de manera igualit\u00e0ria i sense cap prefer\u00e8ncia.<\/p>\n<\/div>\n<\/li>\n<li>\n<h3>Equitat<\/h3>\n<div>\n<p>La forma en qu\u00e8 es tracta els membres dins de la cooperativa i la forma de retribuir-los la seva participaci\u00f3 a la cooperativa. Donar a cada individu all\u00f2 que es mereix en funci\u00f3 de la seva disponibilitat i qualitats.<\/p>\n<\/div>\n<\/li>\n<li>\n<h3>Solidaritat<\/h3>\n<div>\n<p>La responsabilitat de vetllar per linter\u00e8s col\u00b7lectiu dels seus membres.<\/p>\n<\/div>\n<\/li>\n<li>\n<h3>Transpar\u00e8ncia<\/h3>\n<div>\n<p>Permet als socis prendre decisions informades i participar a la gesti\u00f3. Ajuda a fomentar la confian\u00e7a entre els socis i millorar la imatge a l&#8217;exterior.<\/p>\n<\/div>\n<\/li>\n<\/ul>\n<h2>Principis cooperatius<\/h2>\n<div>\n<p>Aquests valors s\u00f3n posats en pr\u00e0ctica a trav\u00e9s dels principis cooperatius.<\/p>\n<\/div>\n<ul>\n<li>\n<h3>Adhesi\u00f3 volunt\u00e0ria i oberta<\/h3>\n<div>\n<p>Oberts a totes les persones capaces de fer servir els serveis i disposades a acceptar les responsabilitats de ser s\u00f2cies, sense cap tipus de discriminaci\u00f3.<\/p>\n<\/div>\n<\/li>\n<li>\n<h3>Gesti\u00f3 democr\u00e0tica per part dels socis<\/h3>\n<div>\n<p>Gestionades democr\u00e0ticament pels socis, que tenen igualtat de drets i deures i participen activament en la definici\u00f3 de les pol\u00edtiques i en la presa de decisions. Els membres de la junta, elegits per representar i gestionar la cooperativa, s\u00f3n responsables davant dels socis.<\/p>\n<\/div>\n<\/li>\n<li>\n<h3>Participaci\u00f3 econ\u00f2mica dels socis<\/h3>\n<div>\n<p>Els socis contribueixen equitativament al capital de la cooperativa i ho gestionen democr\u00e0ticament. Per ser soci de la cooperativa cal fer una aportaci\u00f3 de capital. Una part dels excedents obtinguts s&#8217;ha de destinar al desenvolupament de la mateixa cooperativa, per assegurar-ne la viabilitat a llarg termini. Una altra part es destinar\u00e0 a la formaci\u00f3 dels membres. Finalment, una part dels excedents obtinguts es pot destinar a compensar la participaci\u00f3 de les persones s\u00f2cies a l&#8217;activitat cooperativa.<\/p>\n<\/div>\n<\/li>\n<li>\n<h3>Educaci\u00f3, formaci\u00f3 i informaci\u00f3<\/h3>\n<div>\n<p>Destinem una part dels seus excedents a la formaci\u00f3 de les persones membres de la cooperativa, per assegurar que totes entenen b\u00e9 la complexitat i riquesa de les cooperatives i tenen les habilitats necess\u00e0ries per dur a terme les seves responsabilitats amb efic\u00e0cia. Ens sentim responsables d&#8217;informar i divulgar el cooperativisme.<\/p>\n<\/div>\n<\/li>\n<\/ul>\n<h2>Equip<\/h2>\n<ul>\n<li>\n<p><img decoding=\"async\" src=\"\/wp-content\/uploads\/2023\/05\/Juan-Pozo-Aguilera.jpeg\" alt=\"\"><\/p>\n<h3>Juan Pozo Aguilera<\/h3>\n<p>Direcci\u00f3<\/p>\n<\/li>\n<li>\n<p><img decoding=\"async\" src=\"\/wp-content\/uploads\/2023\/05\/Marina-Rumeu.jpeg\" alt=\"\"><\/p>\n<h3>Marina Rumeu<\/h3>\n<p>Atenci\u00f3 al soci<\/p>\n<\/li>\n<li>\n<p><img decoding=\"async\" src=\"\/wp-content\/uploads\/2023\/05\/Dara-Lobaton.jpeg\" alt=\"\"><\/p>\n<h3>Dara Lobato\u0301n<\/h3>\n<p>Atenci\u00f3 al soci<\/p>\n<\/li>\n<li>\n<p><img decoding=\"async\" src=\"\/wp-content\/uploads\/2024\/11\/20241128_091822-scaled.jpg\" alt=\"\"><\/p>\n<h3>Silvia Vi\u00f1als<\/h3>\n<p>Tr\u00e0nsit<\/p>\n<\/li>\n<li>\n<p><img decoding=\"async\" src=\"\/wp-content\/uploads\/2025\/03\/jonathan-scaled.jpg\" alt=\"\"><\/p>\n<h3>Jonathan Fern\u00e1ndez<\/h3>\n<p>Tr\u00e0nsit<\/p>\n<\/li>\n<li>\n<p><img decoding=\"async\" src=\"\/wp-content\/uploads\/2023\/06\/Esther-Lucenilla-scaled.jpg\" alt=\"\"><\/p>\n<h3>Esther Lucenilla<\/h3>\n<p>Tr\u00e0nsit i Facturaci\u00f3<\/p>\n<\/li>\n<li>\n<p><img decoding=\"async\" src=\"\/wp-content\/uploads\/2023\/05\/Selena-Carpio.jpeg\" alt=\"\"><\/p>\n<h3>Selena Carpio<\/h3>\n<p>Facturaci\u00f3 i Administraci\u00f3<\/p>\n<\/li>\n<li>\n<p><img decoding=\"async\" src=\"\/wp-content\/uploads\/2025\/10\/Foto-scaled.jpg\" alt=\"\"><\/p>\n<h3>Victor Jurado<\/h3>\n<p>Administraci\u00f3<\/p>\n<\/li>\n<li>\n<p><img decoding=\"async\" src=\"\/wp-content\/uploads\/2025\/10\/FOTO-1-scaled.jpg\" alt=\"\"><\/p>\n<h3>Sandra Contreras<\/h3>\n<p>Atenci\u00f3 al soci<\/p>\n<\/li>\n<\/ul>\n<p><!--more--><br \/>\n<!-- {\"type\":\"layout\",\"children\":[{\"type\":\"section\",\"props\":{\"image_position\":\"center-center\",\"image_size\":\"cover\",\"media_overlay\":\"rgba(0, 0, 0, 0.25)\",\"padding\":\"large\",\"style\":\"secondary\",\"title_breakpoint\":\"xl\",\"title_position\":\"top-left\",\"title_rotation\":\"left\",\"vertical_align\":\"middle\",\"video\":\"wp-content\\\/uploads\\\/2023\\\/12\\\/CLIP-01reducido.mp4\",\"width\":\"default\"},\"children\":[{\"type\":\"row\",\"children\":[{\"type\":\"column\",\"props\":{\"image_position\":\"center-center\",\"position_sticky_breakpoint\":\"m\"},\"children\":[{\"type\":\"headline\",\"props\":{\"text_align\":\"center\",\"title_element\":\"h1\",\"title_style\":\"heading-medium\"},\"source\":{\"query\":{\"name\":\"pages.singlePage\"},\"props\":{\"content\":{\"filters\":{\"search\":\"\"},\"name\":\"title\"}}}}]}]}]},{\"type\":\"section\",\"props\":{\"image_position\":\"center-center\",\"style\":\"muted\",\"title_breakpoint\":\"xl\",\"title_position\":\"top-left\",\"title_rotation\":\"left\",\"vertical_align\":\"middle\",\"width\":\"large\"},\"children\":[{\"type\":\"row\",\"children\":[{\"type\":\"column\",\"props\":{\"image_position\":\"center-center\",\"position_sticky_breakpoint\":\"m\"},\"children\":[{\"type\":\"headline\",\"props\":{\"content\":\"Membres de la junta\",\"text_align\":\"center\",\"title_element\":\"h2\"}},{\"name\":\"Grid Filter\",\"type\":\"grid\",\"children\":[{\"type\":\"grid_item\",\"props\":{\"content\":\"\",\"image\":\"\",\"meta\":\"President\",\"title\":\"Jorge Fernandez Navarrete\"}},{\"type\":\"grid_item\",\"props\":{\"content\":\"\",\"image\":\"\",\"meta\":\"Secretari\",\"title\":\"Juan Vicente Guerrero Quintana\"}},{\"type\":\"grid_item\",\"props\":{\"content\":\"\",\"image\":\"\",\"meta\":\"Tesorer\",\"title\":\"Juan Jose Hernandez Cruz\"}},{\"type\":\"grid_item\",\"props\":{\"content\":\"\",\"image\":\"\",\"meta\":\"Vocal\",\"title\":\"Marc Prat Mampel\"}},{\"type\":\"grid_item\",\"props\":{\"content\":\"\",\"image\":\"\",\"meta\":\"Vocal\",\"title\":\"Pablo Mendez Dorta\"}},{\"type\":\"grid_item\",\"props\":{\"content\":\"\",\"image\":\"\",\"meta\":\"Vocal\",\"title\":\"Antoni Roca Pe\\u00f1ato\"}},{\"type\":\"grid_item\",\"props\":{\"content\":\"\",\"image\":\"\",\"meta\":\"Vocal\",\"title\":\"Marc Rius Mar\\u00edn\"}},{\"type\":\"grid_item\",\"props\":{\"content\":\"\",\"image\":\"\",\"meta\":\"Vocal\",\"title\":\"Juan Jes\\u00fas Carrasco Verd\\u00fa\"}},{\"type\":\"grid_item\",\"props\":{\"content\":\"\",\"image\":\"\",\"meta\":\"Vocal\",\"title\":\"Devis Daniel Giolfan\"}}],\"props\":{\"attributes\":\"uk-scrollspy= cls: uk-animation-scale-down; delay: 300; target: .uk-tile-default;\",\"content_column_breakpoint\":\"m\",\"content_margin\":\"remove\",\"filter\":true,\"filter_align\":\"center\",\"filter_all\":true,\"filter_grid_breakpoint\":\"m\",\"filter_grid_width\":\"auto\",\"filter_margin\":\"medium\",\"filter_position\":\"top\",\"filter_style\":\"subnav\",\"grid_column_gap\":\"small\",\"grid_default\":\"1\",\"grid_medium\":\"5\",\"grid_row_gap\":\"small\",\"grid_small\":\"3\",\"icon_width\":80,\"image_align\":\"top\",\"image_grid_breakpoint\":\"m\",\"image_grid_width\":\"1-2\",\"image_link\":true,\"image_svg_color\":\"emphasis\",\"image_width\":\"610\",\"item_animation\":true,\"lightbox\":false,\"link_style\":\"default\",\"link_text\":\"\",\"margin\":\"default\",\"meta_align\":\"below-title\",\"meta_element\":\"div\",\"meta_margin\":\"remove\",\"meta_style\":\"text-meta\",\"panel_image_no_padding\":true,\"panel_padding\":\"small\",\"panel_style\":\"tile-primary\",\"parallax_easing\":\"1\",\"show_content\":true,\"show_image\":true,\"show_link\":true,\"show_meta\":true,\"show_title\":true,\"text_align\":\"center\",\"title_align\":\"top\",\"title_element\":\"h3\",\"title_grid_breakpoint\":\"m\",\"title_grid_width\":\"1-2\",\"title_hover_style\":\"reset\",\"title_link\":true,\"title_style\":\"h5\"}}]}]}]},{\"type\":\"section\",\"props\":{\"image_position\":\"center-center\",\"style\":\"default\",\"title_breakpoint\":\"xl\",\"title_position\":\"top-left\",\"title_rotation\":\"left\",\"vertical_align\":\"middle\",\"width\":\"large\"},\"children\":[{\"type\":\"row\",\"children\":[{\"type\":\"column\",\"props\":{\"image_position\":\"center-center\",\"position_sticky_breakpoint\":\"m\"},\"children\":[{\"type\":\"headline\",\"props\":{\"content\":\"Els nostres valors\",\"text_align\":\"center\",\"title_element\":\"h2\"}},{\"type\":\"text\",\"props\":{\"column_breakpoint\":\"m\",\"content\":\"\n\n<p>Igualtat, Equitat, Solidaritat i Transpar\\u00e8ncia.<\\\/p>\",\"margin\":\"default\",\"text_align\":\"center\"}},{\"type\":\"grid\",\"props\":{\"attributes\":\"uk-scrollspy= cls: uk-animation-scale-down; delay: 300; target: .uk-tile-primary;\",\"content_column_breakpoint\":\"m\",\"filter_align\":\"left\",\"filter_all\":true,\"filter_grid_breakpoint\":\"m\",\"filter_grid_width\":\"auto\",\"filter_position\":\"top\",\"filter_style\":\"tab\",\"grid_column_gap\":\"small\",\"grid_default\":\"1\",\"grid_medium\":\"4\",\"grid_row_gap\":\"small\",\"grid_small\":\"2\",\"icon_width\":80,\"image_align\":\"top\",\"image_grid_breakpoint\":\"m\",\"image_grid_width\":\"1-2\",\"image_svg_color\":\"emphasis\",\"item_animation\":true,\"link_style\":\"default\",\"link_text\":\"Read more\",\"margin\":\"default\",\"meta_align\":\"below-title\",\"meta_element\":\"div\",\"meta_style\":\"text-meta\",\"panel_padding\":\"small\",\"panel_style\":\"tile-primary\",\"show_content\":true,\"show_image\":true,\"show_link\":true,\"show_meta\":true,\"show_title\":true,\"text_align\":\"center\",\"title_align\":\"top\",\"title_element\":\"h3\",\"title_grid_breakpoint\":\"m\",\"title_grid_width\":\"1-2\",\"title_hover_style\":\"reset\"},\"children\":[{\"type\":\"grid_item\",\"props\":{\"content\":\"\n\n<p>Condici\\u00f3 imprescindible per al desenvolupament i la conviv\\u00e8ncia quotidiana per la coincid\\u00e8ncia entre els plantejaments dels valors i principis del cooperativisme i el compliment dels drets humans de manera igualit\\u00e0ria i sense cap prefer\\u00e8ncia.<\\\/p>\",\"title\":\"Igualtat\"}},{\"type\":\"grid_item\",\"props\":{\"content\":\"\n\n<p>La forma en qu\\u00e8 es tracta els membres dins de la cooperativa i la forma de retribuir-los la seva participaci\\u00f3 a la cooperativa. Donar a cada individu all\\u00f2 que es mereix en funci\\u00f3 de la seva disponibilitat i qualitats.<\\\/p>\",\"title\":\"Equitat\"}},{\"type\":\"grid_item\",\"props\":{\"content\":\"\n\n<p>La responsabilitat de vetllar per linter\\u00e8s col\\u00b7lectiu dels seus membres.<\\\/p>\",\"title\":\"Solidaritat\"}},{\"type\":\"grid_item\",\"props\":{\"content\":\"\n\n<p>Permet als socis prendre decisions informades i participar a la gesti\\u00f3. Ajuda a fomentar la confian\\u00e7a entre els socis i millorar la imatge a l'exterior.<\\\/p>\",\"title\":\"Transpar\\u00e8ncia\"}}]}]}]},{\"type\":\"row\",\"children\":[{\"type\":\"column\",\"props\":{\"image_position\":\"center-center\",\"position_sticky_breakpoint\":\"m\"},\"children\":[{\"type\":\"headline\",\"props\":{\"content\":\"Principis cooperatius\",\"text_align\":\"center\",\"title_element\":\"h2\"}},{\"type\":\"text\",\"props\":{\"column_breakpoint\":\"m\",\"content\":\"\n\n<p>Aquests valors s\\u00f3n posats en pr\\u00e0ctica a trav\\u00e9s dels principis cooperatius.<\\\/p>\",\"margin\":\"default\",\"text_align\":\"center\"}},{\"type\":\"grid\",\"props\":{\"content_align\":true,\"content_column_breakpoint\":\"m\",\"filter_align\":\"left\",\"filter_all\":true,\"filter_grid_breakpoint\":\"m\",\"filter_grid_width\":\"auto\",\"filter_position\":\"top\",\"filter_style\":\"tab\",\"grid_column_gap\":\"small\",\"grid_default\":\"1\",\"grid_divider\":false,\"grid_medium\":\"2\",\"grid_row_gap\":\"small\",\"grid_small\":\"1\",\"icon_width\":80,\"image_align\":\"top\",\"image_grid_breakpoint\":\"m\",\"image_grid_width\":\"1-2\",\"image_svg_color\":\"emphasis\",\"item_animation\":true,\"link_style\":\"default\",\"link_text\":\"Read more\",\"margin\":\"default\",\"meta_align\":\"below-title\",\"meta_element\":\"div\",\"meta_style\":\"text-meta\",\"panel_padding\":\"small\",\"panel_style\":\"tile-primary\",\"show_content\":true,\"show_image\":true,\"show_link\":true,\"show_meta\":true,\"show_title\":true,\"text_align\":\"center\",\"title_align\":\"top\",\"title_element\":\"h3\",\"title_grid_breakpoint\":\"m\",\"title_grid_width\":\"1-2\",\"title_hover_style\":\"reset\"},\"children\":[{\"type\":\"grid_item\",\"props\":{\"content\":\"\n\n<p>Oberts a totes les persones capaces de fer servir els serveis i disposades a acceptar les responsabilitats de ser s\\u00f2cies, sense cap tipus de discriminaci\\u00f3.<\\\/p>\",\"title\":\"Adhesi\\u00f3 volunt\\u00e0ria i oberta\"}},{\"type\":\"grid_item\",\"props\":{\"content\":\"\n\n<p>Gestionades democr\\u00e0ticament pels socis, que tenen igualtat de drets i deures i participen activament en la definici\\u00f3 de les pol\\u00edtiques i en la presa de decisions. Els membres de la junta, elegits per representar i gestionar la cooperativa, s\\u00f3n responsables davant dels socis.<\\\/p>\",\"title\":\"Gesti\\u00f3 democr\\u00e0tica per part dels socis\"}},{\"type\":\"grid_item\",\"props\":{\"content\":\"\n\n<p>Els socis contribueixen equitativament al capital de la cooperativa i ho gestionen democr\\u00e0ticament. Per ser soci de la cooperativa cal fer una aportaci\\u00f3 de capital. Una part dels excedents obtinguts s'ha de destinar al desenvolupament de la mateixa cooperativa, per assegurar-ne la viabilitat a llarg termini. Una altra part es destinar\\u00e0 a la formaci\\u00f3 dels membres. Finalment, una part dels excedents obtinguts es pot destinar a compensar la participaci\\u00f3 de les persones s\\u00f2cies a l'activitat cooperativa.<\\\/p>\",\"title\":\"Participaci\\u00f3 econ\\u00f2mica dels socis\"}},{\"type\":\"grid_item\",\"props\":{\"content\":\"\n\n<p>Destinem una part dels seus excedents a la formaci\\u00f3 de les persones membres de la cooperativa, per assegurar que totes entenen b\\u00e9 la complexitat i riquesa de les cooperatives i tenen les habilitats necess\\u00e0ries per dur a terme les seves responsabilitats amb efic\\u00e0cia. Ens sentim responsables d'informar i divulgar el cooperativisme.<\\\/p>\",\"title\":\"Educaci\\u00f3, formaci\\u00f3 i informaci\\u00f3\"}}]}]}]}],\"name\":\"XP_valores...\"},{\"type\":\"section\",\"props\":{\"image_position\":\"center-center\",\"style\":\"muted\",\"title_breakpoint\":\"xl\",\"title_position\":\"top-left\",\"title_rotation\":\"left\",\"vertical_align\":\"middle\",\"width\":\"large\"},\"children\":[{\"type\":\"row\",\"children\":[{\"type\":\"column\",\"props\":{\"image_position\":\"center-center\",\"position_sticky_breakpoint\":\"m\"},\"children\":[{\"type\":\"headline\",\"props\":{\"content\":\"Equip\",\"text_align\":\"center\",\"title_element\":\"h2\"}},{\"name\":\"Grid Filter\",\"type\":\"grid\",\"children\":[{\"type\":\"grid_item\",\"props\":{\"image\":\"wp-content\\\/uploads\\\/2023\\\/05\\\/Juan-Pozo-Aguilera.jpeg\",\"meta\":\"Direcci\\u00f3\",\"title\":\"Juan Pozo Aguilera\"}},{\"type\":\"grid_item\",\"props\":{\"image\":\"wp-content\\\/uploads\\\/2023\\\/05\\\/Marina-Rumeu.jpeg\",\"meta\":\"Atenci\\u00f3 al soci\",\"title\":\"Marina Rumeu\"}},{\"type\":\"grid_item\",\"props\":{\"image\":\"wp-content\\\/uploads\\\/2023\\\/05\\\/Dara-Lobaton.jpeg\",\"meta\":\"Atenci\\u00f3 al soci\",\"title\":\"Dara Lobato\\u0301n\"}},{\"type\":\"grid_item\",\"props\":{\"image\":\"wp-content\\\/uploads\\\/2024\\\/11\\\/20241128_091822-scaled.jpg\",\"meta\":\"Tr\\u00e0nsit\",\"title\":\"Silvia Vi\\u00f1als\"}},{\"type\":\"grid_item\",\"props\":{\"image\":\"wp-content\\\/uploads\\\/2025\\\/03\\\/jonathan-scaled.jpg\",\"meta\":\"Tr\\u00e0nsit\",\"title\":\"Jonathan Fern\\u00e1ndez\"}},{\"type\":\"grid_item\",\"props\":{\"image\":\"wp-content\\\/uploads\\\/2023\\\/06\\\/Esther-Lucenilla-scaled.jpg\",\"meta\":\"Tr\\u00e0nsit i Facturaci\\u00f3\",\"title\":\"Esther Lucenilla\"}},{\"type\":\"grid_item\",\"props\":{\"image\":\"wp-content\\\/uploads\\\/2023\\\/05\\\/Selena-Carpio.jpeg\",\"meta\":\"Facturaci\\u00f3 i Administraci\\u00f3\",\"title\":\"Selena Carpio\"}},{\"type\":\"grid_item\",\"props\":{\"image\":\"wp-content\\\/uploads\\\/2025\\\/10\\\/Foto-scaled.jpg\",\"meta\":\"Administraci\\u00f3\",\"title\":\"Victor Jurado\"}},{\"type\":\"grid_item\",\"props\":{\"image\":\"wp-content\\\/uploads\\\/2025\\\/10\\\/FOTO-1-scaled.jpg\",\"meta\":\"Atenci\\u00f3 al soci\",\"title\":\"Sandra Contreras\"}}],\"props\":{\"attributes\":\"uk-scrollspy= cls: uk-animation-scale-down; delay: 300; target: .uk-tile-default;\",\"content_column_breakpoint\":\"m\",\"content_margin\":\"remove\",\"filter\":true,\"filter_align\":\"center\",\"filter_all\":true,\"filter_grid_breakpoint\":\"m\",\"filter_grid_width\":\"auto\",\"filter_margin\":\"medium\",\"filter_position\":\"top\",\"filter_style\":\"subnav\",\"grid_column_gap\":\"small\",\"grid_default\":\"1\",\"grid_medium\":\"4\",\"grid_row_gap\":\"small\",\"grid_small\":\"2\",\"icon_width\":80,\"image_align\":\"top\",\"image_grid_breakpoint\":\"m\",\"image_grid_width\":\"1-2\",\"image_link\":true,\"image_svg_color\":\"emphasis\",\"image_width\":\"610\",\"item_animation\":true,\"lightbox\":false,\"link_style\":\"default\",\"link_text\":\"\",\"margin\":\"default\",\"meta_align\":\"below-title\",\"meta_element\":\"div\",\"meta_margin\":\"remove\",\"meta_style\":\"text-meta\",\"panel_image_no_padding\":true,\"panel_padding\":\"small\",\"panel_style\":\"tile-primary\",\"parallax_easing\":\"1\",\"show_content\":true,\"show_image\":true,\"show_link\":true,\"show_meta\":true,\"show_title\":true,\"text_align\":\"center\",\"title_align\":\"top\",\"title_element\":\"h3\",\"title_grid_breakpoint\":\"m\",\"title_grid_width\":\"1-2\",\"title_hover_style\":\"reset\",\"title_link\":true,\"title_style\":\"h5\"}}]}]}]}],\"version\":\"4.3.6\"} --><\/p>\n","protected":false},"excerpt":{"rendered":"<p>Membres de la junta Jorge Fernandez Navarrete President Juan Vicente Guerrero Quintana Secretari Juan Jose Hernandez Cruz Tesorer Marc Prat Mampel Vocal Pablo Mendez Dorta Vocal Antoni Roca Pe\u00f1ato Vocal Marc Rius Mar\u00edn Vocal Juan Jes\u00fas Carrasco Verd\u00fa Vocal Devis Daniel Giolfan Vocal Els nostres valors Igualtat, Equitat, Solidaritat i Transpar\u00e8ncia. Igualtat Condici\u00f3 imprescindible per [&hellip;]<\/p>\n","protected":false},"author":1,"featured_media":0,"parent":0,"menu_order":2,"comment_status":"closed","ping_status":"closed","template":"","meta":{"_acf_changed":false,"footnotes":""},"class_list":["post-1801","page","type-page","status-publish","hentry"],"acf":[],"_links":{"self":[{"href":"https:\/\/cotraportbcn.com\/ca\/wp-json\/wp\/v2\/pages\/1801","targetHints":{"allow":["GET"]}}],"collection":[{"href":"https:\/\/cotraportbcn.com\/ca\/wp-json\/wp\/v2\/pages"}],"about":[{"href":"https:\/\/cotraportbcn.com\/ca\/wp-json\/wp\/v2\/types\/page"}],"author":[{"embeddable":true,"href":"https:\/\/cotraportbcn.com\/ca\/wp-json\/wp\/v2\/users\/1"}],"replies":[{"embeddable":true,"href":"https:\/\/cotraportbcn.com\/ca\/wp-json\/wp\/v2\/comments?post=1801"}],"version-history":[{"count":5,"href":"https:\/\/cotraportbcn.com\/ca\/wp-json\/wp\/v2\/pages\/1801\/revisions"}],"predecessor-version":[{"id":2203,"href":"https:\/\/cotraportbcn.com\/ca\/wp-json\/wp\/v2\/pages\/1801\/revisions\/2203"}],"wp:attachment":[{"href":"https:\/\/cotraportbcn.com\/ca\/wp-json\/wp\/v2\/media?parent=1801"}],"curies":[{"name":"wp","href":"https:\/\/api.w.org\/{rel}","templated":true}]}}