{"id":1784,"date":"2019-09-09T11:22:41","date_gmt":"2019-09-09T09:22:41","guid":{"rendered":"https:\/\/cotraportbcn.indianwebs.es\/inici\/"},"modified":"2023-12-11T13:50:24","modified_gmt":"2023-12-11T12:50:24","slug":"inici","status":"publish","type":"page","link":"https:\/\/cotraportbcn.com\/ca\/","title":{"rendered":"Inici"},"content":{"rendered":"<ul>\n<li>\n<p>        <img decoding=\"async\" src=\"\/wp-content\/uploads\/2023\/07\/best.jpg\" alt=\"\"><\/p>\n<h3>COTRA<span class=\"uk-heading-divider uk-display-inline-block\">PORT<\/span><\/h3>\n<p>Barcelona<\/p>\n<\/li>\n<li>\n<p>        <img decoding=\"async\" src=\"\/wp-content\/uploads\/2023\/07\/apm-terminals-barcelona.jpg\" alt=\"\"><\/p>\n<h3>COTRA<span class=\"uk-heading-divider uk-display-inline-block\">PORT<\/span><\/h3>\n<p>Barcelona<\/p>\n<\/li>\n<li>\n<p>        <img decoding=\"async\" src=\"\/wp-content\/uploads\/2023\/07\/contenedores-1.jpg\" alt=\"\"><\/p>\n<h3>COTRA<span class=\"uk-heading-divider uk-display-inline-block\">PORT<\/span><\/h3>\n<p>Barcelona<\/p>\n<\/li>\n<li>\n<p>        <img decoding=\"async\" src=\"\/wp-content\/uploads\/2023\/07\/banner.jpg\" alt=\"\"><\/p>\n<h3>COTRA<span class=\"uk-heading-divider uk-display-inline-block\">PORT<\/span><\/h3>\n<p>Barcelona<\/p>\n<\/li>\n<li>\n<p>        <img decoding=\"async\" src=\"\/wp-content\/uploads\/2023\/05\/pexels-james-heming-4570839-scaled.jpg\" alt=\"\"><\/p>\n<h3>COTRA<span class=\"uk-heading-divider uk-display-inline-block\">PORT<\/span><\/h3>\n<p>Barcelona<\/p>\n<\/li>\n<li>\n<p>        <img decoding=\"async\" src=\"\/wp-content\/uploads\/2023\/05\/slaider-2.jpeg\" alt=\"\"><\/p>\n<h3>COTRA<span class=\"uk-heading-divider uk-display-inline-block\">PORT<\/span><\/h3>\n<p>Barcelona<\/p>\n<\/li>\n<\/ul>\n<div>\n<p>Especialistes en <strong>transport terrestre de contenidors mar\u00edtims<\/strong>. La <strong>ubicaci\u00f3<\/strong> estrat\u00e8gica de la nostra base i la <strong>versatilitat<\/strong> dels nostres conductors ens permet oferir una <strong>resposta \u00e0gil i efica\u00e7<\/strong> a les necessitats de la resta de membres de la cadena log\u00edstica.<\/p>\n<\/div>\n<h2>CotraPort<\/h2>\n<div>\n<p><strong>Fundada l&#8217;any 2009<\/strong> amb la Llei de Cooperatives de Catalunya 18\/2002. Actualment compta amb m\u00e9s de <strong>700 associats<\/strong> que han de ser propietaris d&#8217;un vehicle apte per transportar mercaderies i tenir el t\u00edtol habilitant per al transport de contenidors. Els socis han de complir la normativa de l&#8217;Autoritat Portu\u00e0ria de Barcelona, incloent-hi estar al dia amb les obligacions fiscals i assegurances.<\/p>\n<p>La cooperativa es dedica a la prestaci\u00f3 de serveis de tota mena de transports de contenidors, tant a <strong>nivell nacional com internacional<\/strong>.<\/p>\n<p>Des del 2016 disposem d\u00b4una base d\u00b4operacions de <strong>28.000 m<sup>2<\/sup><\/strong> amb oficines i <strong>180 places d\u00b4aparcament<\/strong> per a camions i amb servei de subministrament de combustible en exclusiva dins del mateix recinte.<\/p>\n<p>L&#8217;objectiu a mitj\u00e0 termini \u00e9s ampliar els espais i ser autosuficients per reduir l&#8217;impacte de la petjada de carboni a la nostra activitat.<\/p>\n<p>La part social la gestionem a trav\u00e9s de <strong>la nostra associaci\u00f3 SINTRAPORT<\/strong> que d\u00f3na cobertura legal i assist\u00e8ncia a tots els associats que ho necessitin.<\/p>\n<\/div>\n<p><video src=\"\/wp-content\/uploads\/2023\/12\/MASTER-COTRAPORT-VERSION-BAJA-2.m4v\" poster=\"\"><\/video><\/p>\n<ul>\n<li>\n<p>        <img decoding=\"async\" src=\"\/wp-content\/uploads\/2023\/06\/20230615_085823-scaled.jpg\" alt=\"\"><\/p>\n<h3>20230615_085823<\/h3>\n<\/li>\n<li>\n<p>        <img decoding=\"async\" src=\"\/wp-content\/uploads\/2023\/06\/20230615_085450-scaled.jpg\" alt=\"\"><\/p>\n<h3>20230615_085450<\/h3>\n<\/li>\n<li>\n<p>        <img decoding=\"async\" src=\"\/wp-content\/uploads\/2023\/07\/20230620_165336-scaled.jpg\" alt=\"\"><\/p>\n<h3>Cotraportbcn-oficinas-01<\/h3>\n<\/li>\n<li>\n<p>        <img decoding=\"async\" src=\"\/wp-content\/uploads\/2023\/06\/Cotraportbcn-oficinas-07.jpeg\" alt=\"\"><\/p>\n<h3>Cotraportbcn-oficinas-07<\/h3>\n<\/li>\n<li>\n<p>        <img decoding=\"async\" src=\"\/wp-content\/uploads\/2023\/06\/Cotraportbcn-oficinas-10.jpeg\" alt=\"\"><\/p>\n<h3>Cotraportbcn-oficinas-10<\/h3>\n<\/li>\n<\/ul>\n<p><!--more--><br \/>\n<!-- {\"type\":\"layout\",\"children\":[{\"type\":\"section\",\"props\":{\"image_position\":\"center-center\",\"padding\":\"none\",\"style\":\"secondary\",\"title_breakpoint\":\"xl\",\"title_position\":\"top-left\",\"title_rotation\":\"left\",\"vertical_align\":\"middle\",\"width\":\"\"},\"children\":[{\"type\":\"row\",\"children\":[{\"type\":\"column\",\"props\":{\"image_position\":\"center-center\",\"position_sticky_breakpoint\":\"m\"},\"children\":[{\"type\":\"slideshow\",\"props\":{\"link_style\":\"default\",\"link_text\":\"Read more\",\"margin\":\"default\",\"meta_align\":\"below-title\",\"meta_element\":\"div\",\"meta_margin\":\"remove\",\"meta_style\":\"heading-medium\",\"nav\":\"\",\"nav_align\":\"center\",\"nav_below\":false,\"nav_breakpoint\":\"s\",\"nav_position\":\"bottom-center\",\"nav_position_margin\":\"medium\",\"overlay_animation\":\"parallax\",\"overlay_container\":\"large\",\"overlay_position\":\"center\",\"show_content\":true,\"show_link\":true,\"show_meta\":true,\"show_thumbnail\":true,\"show_title\":true,\"slidenav\":\"\",\"slidenav_breakpoint\":\"s\",\"slidenav_margin\":\"medium\",\"slidenav_outside_breakpoint\":\"xl\",\"slideshow_autoplay\":true,\"slideshow_autoplay_pause\":false,\"slideshow_height\":\"percent\",\"slideshow_min_height\":300,\"slideshow_ratio\":\"16:8\",\"text_align\":\"right\",\"thumbnav_height\":\"75\",\"thumbnav_svg_color\":\"emphasis\",\"thumbnav_width\":\"100\",\"title_element\":\"h3\",\"title_style\":\"heading-xlarge\"},\"children\":[{\"type\":\"slideshow_item\",\"props\":{\"image\":\"wp-content\\\/uploads\\\/2023\\\/07\\\/best.jpg\",\"media_overlay\":\"rgba(0, 0, 0, 0.25)\",\"meta\":\"Barcelona\",\"title\":\"COTRA<span class=\\\"uk-heading-divider uk-display-inline-block\\\">PORT<\\\/span>\"}},{\"type\":\"slideshow_item\",\"props\":{\"image\":\"wp-content\\\/uploads\\\/2023\\\/07\\\/apm-terminals-barcelona.jpg\",\"media_overlay\":\"rgba(0, 0, 0, 0.25)\",\"meta\":\"Barcelona\",\"title\":\"COTRA<span class=\\\"uk-heading-divider uk-display-inline-block\\\">PORT<\\\/span>\"}},{\"type\":\"slideshow_item\",\"props\":{\"image\":\"wp-content\\\/uploads\\\/2023\\\/07\\\/contenedores-1.jpg\",\"media_overlay\":\"rgba(0, 0, 0, 0.25)\",\"meta\":\"Barcelona\",\"title\":\"COTRA<span class=\\\"uk-heading-divider uk-display-inline-block\\\">PORT<\\\/span>\"}},{\"type\":\"slideshow_item\",\"props\":{\"image\":\"wp-content\\\/uploads\\\/2023\\\/07\\\/banner.jpg\",\"media_overlay\":\"rgba(0, 0, 0, 0.25)\",\"meta\":\"Barcelona\",\"title\":\"COTRA<span class=\\\"uk-heading-divider uk-display-inline-block\\\">PORT<\\\/span>\"}},{\"type\":\"slideshow_item\",\"props\":{\"image\":\"wp-content\\\/uploads\\\/2023\\\/05\\\/pexels-james-heming-4570839-scaled.jpg\",\"media_overlay\":\"rgba(0, 0, 0, 0.25)\",\"meta\":\"Barcelona\",\"title\":\"COTRA<span class=\\\"uk-heading-divider uk-display-inline-block\\\">PORT<\\\/span>\"}},{\"type\":\"slideshow_item\",\"props\":{\"image\":\"wp-content\\\/uploads\\\/2023\\\/05\\\/slaider-2.jpeg\",\"media_overlay\":\"rgba(0, 0, 0, 0.25)\",\"meta\":\"Barcelona\",\"title\":\"COTRA<span class=\\\"uk-heading-divider uk-display-inline-block\\\">PORT<\\\/span>\"}}]}]}]}]},{\"type\":\"section\",\"props\":{\"image_position\":\"center-center\",\"style\":\"primary\",\"title_breakpoint\":\"xl\",\"title_position\":\"top-left\",\"title_rotation\":\"left\",\"vertical_align\":\"middle\",\"width\":\"large\"},\"children\":[{\"type\":\"row\",\"children\":[{\"type\":\"column\",\"props\":{\"image_position\":\"center-center\",\"position_sticky_breakpoint\":\"m\"},\"children\":[{\"type\":\"text\",\"props\":{\"column_breakpoint\":\"m\",\"content\":\"\n\n<p>Especialistes en <strong>transport terrestre de contenidors mar\\u00edtims<\\\/strong>. La <strong>ubicaci\\u00f3<\\\/strong> estrat\\u00e8gica de la nostra base i la <strong>versatilitat<\\\/strong> dels nostres conductors ens permet oferir una <strong>resposta \\u00e0gil i efica\\u00e7<\\\/strong> a les necessitats de la resta de membres de la cadena log\\u00edstica.<\\\/p>\",\"margin\":\"default\",\"text_align\":\"center\",\"text_style\":\"large\"}}]}]}]},{\"type\":\"section\",\"props\":{\"image_position\":\"center-center\",\"style\":\"default\",\"title_breakpoint\":\"xl\",\"title_position\":\"top-left\",\"title_rotation\":\"left\",\"vertical_align\":\"middle\",\"width\":\"large\"},\"children\":[{\"type\":\"row\",\"children\":[{\"type\":\"column\",\"props\":{\"image_position\":\"center-center\",\"position_sticky_breakpoint\":\"m\"},\"children\":[{\"type\":\"headline\",\"props\":{\"content\":\"CotraPort\",\"text_align\":\"center\",\"title_element\":\"h2\"}},{\"type\":\"text\",\"props\":{\"column_breakpoint\":\"m\",\"content\":\"\n\n<p><strong>Fundada l'any 2009<\\\/strong> amb la Llei de Cooperatives de Catalunya 18\\\/2002. Actualment compta amb m\\u00e9s de <strong>700 associats<\\\/strong> que han de ser propietaris d'un vehicle apte per transportar mercaderies i tenir el t\\u00edtol habilitant per al transport de contenidors. Els socis han de complir la normativa de l'Autoritat Portu\\u00e0ria de Barcelona, incloent-hi estar al dia amb les obligacions fiscals i assegurances.<\\\/p>\\n\n\n<p>La cooperativa es dedica a la prestaci\\u00f3 de serveis de tota mena de transports de contenidors, tant a <strong>nivell nacional com internacional<\\\/strong>.<\\\/p>\\n\n\n<p>Des del 2016 disposem d\\u00b4una base d\\u00b4operacions de <strong>28.000 m<sup>2<\\\/sup><\\\/strong> amb oficines i <strong>180 places d\\u00b4aparcament<\\\/strong> per a camions i amb servei de subministrament de combustible en exclusiva dins del mateix recinte.<\\\/p>\\n\n\n<p>L'objectiu a mitj\\u00e0 termini \\u00e9s ampliar els espais i ser autosuficients per reduir l'impacte de la petjada de carboni a la nostra activitat.<\\\/p>\\n\n\n<p>La part social la gestionem a trav\\u00e9s de <strong>la nostra associaci\\u00f3 SINTRAPORT<\\\/strong> que d\\u00f3na cobertura legal i assist\\u00e8ncia a tots els associats que ho necessitin.<\\\/p>\",\"margin\":\"default\"}},{\"type\":\"video\",\"props\":{\"margin\":\"default\",\"video\":\"wp-content\\\/uploads\\\/2023\\\/12\\\/MASTER-COTRAPORT-VERSION-BAJA-2.m4v\",\"video_controls\":true,\"video_loop\":true}}]}]}]},{\"type\":\"section\",\"props\":{\"image_position\":\"center-center\",\"style\":\"muted\",\"title_breakpoint\":\"xl\",\"title_position\":\"top-left\",\"title_rotation\":\"left\",\"vertical_align\":\"middle\",\"width\":\"large\"},\"children\":[{\"type\":\"row\",\"children\":[{\"type\":\"column\",\"props\":{\"image_position\":\"center-center\",\"position_sticky_breakpoint\":\"m\"},\"children\":[{\"name\":\"Gallery Lightbox\",\"type\":\"gallery\",\"children\":[{\"type\":\"gallery_item\",\"props\":{\"image\":\"wp-content\\\/uploads\\\/2023\\\/06\\\/20230615_085823-scaled.jpg\",\"title\":\"20230615_085823\"}},{\"type\":\"gallery_item\",\"props\":{\"image\":\"wp-content\\\/uploads\\\/2023\\\/06\\\/20230615_085450-scaled.jpg\",\"title\":\"20230615_085450\"}},{\"type\":\"gallery_item\",\"props\":{\"image\":\"wp-content\\\/uploads\\\/2023\\\/07\\\/20230620_165336-scaled.jpg\",\"title\":\"Cotraportbcn-oficinas-01\"}},{\"type\":\"gallery_item\",\"props\":{\"image\":\"wp-content\\\/uploads\\\/2023\\\/06\\\/Cotraportbcn-oficinas-07.jpeg\",\"title\":\"Cotraportbcn-oficinas-07\"}},{\"type\":\"gallery_item\",\"props\":{\"image\":\"wp-content\\\/uploads\\\/2023\\\/06\\\/Cotraportbcn-oficinas-10.jpeg\",\"title\":\"Cotraportbcn-oficinas-10\"}}],\"props\":{\"filter_align\":\"left\",\"filter_all\":true,\"filter_grid_breakpoint\":\"m\",\"filter_grid_width\":\"auto\",\"filter_position\":\"top\",\"filter_style\":\"tab\",\"grid_column_align\":true,\"grid_column_gap\":\"small\",\"grid_default\":\"2\",\"grid_medium\":\"5\",\"grid_row_align\":true,\"grid_row_gap\":\"small\",\"grid_small\":\"3\",\"image_width\":\"610\",\"item_animation\":true,\"lightbox\":true,\"lightbox_image_height\":\"900\",\"link_style\":\"text\",\"link_text\":\"Obrir\",\"margin\":\"default\",\"meta_align\":\"below-title\",\"meta_element\":\"div\",\"meta_style\":\"text-meta\",\"overlay_hover\":true,\"overlay_link\":true,\"overlay_mode\":\"cover\",\"overlay_position\":\"center\",\"overlay_style\":\"overlay-default\",\"overlay_transition\":\"fade\",\"parallax_easing\":\"1\",\"show_content\":true,\"show_hover_image\":true,\"show_link\":true,\"show_meta\":true,\"show_title\":false,\"text_align\":\"center\",\"text_color\":\"\",\"title_element\":\"h3\",\"title_hover_style\":\"reset\"}}]}]}],\"name\":\"XP_modificacions_1\"}],\"version\":\"4.2.11\"} --><\/p>\n","protected":false},"excerpt":{"rendered":"<p>COTRAPORT Barcelona COTRAPORT Barcelona COTRAPORT Barcelona COTRAPORT Barcelona COTRAPORT Barcelona COTRAPORT Barcelona Especialistes en transport terrestre de contenidors mar\u00edtims. La ubicaci\u00f3 estrat\u00e8gica de la nostra base i la versatilitat dels nostres conductors ens permet oferir una resposta \u00e0gil i efica\u00e7 a les necessitats de la resta de membres de la cadena log\u00edstica. CotraPort Fundada l&#8217;any [&hellip;]<\/p>\n","protected":false},"author":1,"featured_media":0,"parent":0,"menu_order":1,"comment_status":"closed","ping_status":"closed","template":"","meta":{"_acf_changed":false,"footnotes":""},"class_list":["post-1784","page","type-page","status-publish","hentry"],"acf":[],"_links":{"self":[{"href":"https:\/\/cotraportbcn.com\/ca\/wp-json\/wp\/v2\/pages\/1784","targetHints":{"allow":["GET"]}}],"collection":[{"href":"https:\/\/cotraportbcn.com\/ca\/wp-json\/wp\/v2\/pages"}],"about":[{"href":"https:\/\/cotraportbcn.com\/ca\/wp-json\/wp\/v2\/types\/page"}],"author":[{"embeddable":true,"href":"https:\/\/cotraportbcn.com\/ca\/wp-json\/wp\/v2\/users\/1"}],"replies":[{"embeddable":true,"href":"https:\/\/cotraportbcn.com\/ca\/wp-json\/wp\/v2\/comments?post=1784"}],"version-history":[{"count":4,"href":"https:\/\/cotraportbcn.com\/ca\/wp-json\/wp\/v2\/pages\/1784\/revisions"}],"predecessor-version":[{"id":1972,"href":"https:\/\/cotraportbcn.com\/ca\/wp-json\/wp\/v2\/pages\/1784\/revisions\/1972"}],"wp:attachment":[{"href":"https:\/\/cotraportbcn.com\/ca\/wp-json\/wp\/v2\/media?parent=1784"}],"curies":[{"name":"wp","href":"https:\/\/api.w.org\/{rel}","templated":true}]}}